{"id":145,"date":"2015-09-28T16:00:31","date_gmt":"2015-09-28T16:00:31","guid":{"rendered":"http:\/\/plethorathemes.com\/healthx\/?page_id=145"},"modified":"2025-01-30T00:19:29","modified_gmt":"2025-01-30T00:19:29","slug":"home","status":"publish","type":"page","link":"https:\/\/www.laboratoriokashima.com.br\/home\/","title":{"rendered":"Home"},"content":{"rendered":"<section class=\"wpb-content-wrapper\"><p>[vc_row full_width=&#8221;0&#8243; full_height=&#8221;0&#8243; row_padding=&#8221;no_padding&#8221; cols_padding=&#8221;no_cols_padding&#8221; elevate=&#8221;elevate&#8221; background=&#8221;transparent&#8221; el_class=&#8221;folded_section&#8221;][vc_column width=&#8221;1\/4&#8243; color_set=&#8221;skincolored_section&#8221; background=&#8221;transparent&#8221; offset=&#8221;vc_col-xs-6&#8243; css=&#8221;.vc_custom_1738193369772{background-color: #2c4167 !important;}&#8221;]<!-- ========================== TEASER BOX ==========================-->\n<div class=\"teaser_box wpb_content_element text-center  transparent boxed same_height_col  with_button    \">\n\n\n  <div class=\"figure transparent\">\n\n      <a href=\"https:\/\/portal2.worklabweb.com.br\/resultados-on-line\/3264\" debug title=\"Coleta Empresarial\" target=\"_blank\"> \n\n        \n\n        \n\n        <i class=\"fa fa-file-lines\"><\/i>\n\n\n    <\/a>\n\n\n  <\/div>\n\n\n  <div class=\"content text-center   with_button \">\n    \n    <div class=\"hgroup\">\n       <h4 class=\"neutralize_links\">\n       RESULTADOS DE EXAMES\n       <\/h4>\n       <p>Retire seu resultado<\/p> \n    <\/div>\n\n    \n\n    <div class=\"link centered\">\n        <a href=\"https:\/\/portal2.worklabweb.com.br\/resultados-on-line\/3264\" Coleta Empresarial target=\"_blank\" class=\"btn btn-xs btn-secondary\"><strong>Entrar<\/strong><\/a>\n    <\/div>\n\n  <\/div>\n\n<\/div>\n\n<!-- END======================= TEASER BOX ==========================-->[\/vc_column][vc_column width=&#8221;1\/4&#8243; color_set=&#8221;skincolored_section&#8221; background=&#8221;transparent&#8221; offset=&#8221;vc_col-xs-6&#8243; css=&#8221;.vc_custom_1738193378831{background-color: #314a78 !important;}&#8221;]<!-- ========================== TEASER BOX ==========================-->\n<div class=\"teaser_box wpb_content_element text-center  transparent boxed same_height_col  with_button    \">\n\n\n  <div class=\"figure transparent\">\n\n      <a href=\"https:\/\/www.laboratoriokashima.com.br\/home\/contato\/\" debug title=\"\" target=\"\"> \n\n        \n\n        \n\n        <i class=\"fa fa-map-location-dot\"><\/i>\n\n\n    <\/a>\n\n\n  <\/div>\n\n\n  <div class=\"content text-center   with_button \">\n    \n    <div class=\"hgroup\">\n       <h4 class=\"neutralize_links\">\n       UNIDADES\n       <\/h4>\n       <p>Unidades de Atendimento<\/p> \n    <\/div>\n\n    \n\n    <div class=\"link centered\">\n        <a href=\"https:\/\/www.laboratoriokashima.com.br\/home\/contato\/\"  target=\"\" class=\"btn btn-xs btn-secondary\"><strong>Entrar<\/strong><\/a>\n    <\/div>\n\n  <\/div>\n\n<\/div>\n\n<!-- END======================= TEASER BOX ==========================-->[\/vc_column][vc_column width=&#8221;1\/4&#8243; color_set=&#8221;skincolored_section&#8221; offset=&#8221;vc_col-xs-6&#8243; css=&#8221;.vc_custom_1738193130680{background-color: #365080 !important;}&#8221;]<!-- ========================== TEASER BOX ==========================-->\n<div class=\"teaser_box wpb_content_element text-center  transparent boxed same_height_col  with_button    \">\n\n\n  <div class=\"figure transparent\">\n\n      <a href=\"https:\/\/www.laboratoriokashima.com.br\/home\/coletadomiciliar\/\" debug title=\"\" target=\"\"> \n\n        \n\n        \n\n        <i class=\"fa fa-contact-book\"><\/i>\n\n\n    <\/a>\n\n\n  <\/div>\n\n\n  <div class=\"content text-center   with_button \">\n    \n    <div class=\"hgroup\">\n       <h4 class=\"neutralize_links\">\n       Coleta Domiciliar\n       <\/h4>\n       <p>Agende sua coleta<\/p> \n    <\/div>\n\n    \n\n    <div class=\"link centered\">\n        <a href=\"https:\/\/www.laboratoriokashima.com.br\/home\/coletadomiciliar\/\"  target=\"\" class=\"btn btn-xs btn-secondary\"><strong>Entrar<\/strong><\/a>\n    <\/div>\n\n  <\/div>\n\n<\/div>\n\n<!-- END======================= TEASER BOX ==========================-->[\/vc_column][vc_column width=&#8221;1\/4&#8243; color_set=&#8221;skincolored_section&#8221; background=&#8221;transparent&#8221; offset=&#8221;vc_col-xs-6&#8243; css=&#8221;.vc_custom_1738193147060{background-color: #3A568A !important;}&#8221;]<!-- ========================== TEASER BOX ==========================-->\n<div class=\"teaser_box wpb_content_element text-center  transparent boxed same_height_col  with_button    \">\n\n\n  <div class=\"figure transparent\">\n\n      <a href=\"https:\/\/www.laboratoriokashima.com.br\/home\/contato\/\" debug title=\"\" target=\"\"> \n\n        \n\n        \n\n        <i class=\"fa fa-contact-card\"><\/i>\n\n\n    <\/a>\n\n\n  <\/div>\n\n\n  <div class=\"content text-center   with_button \">\n    \n    <div class=\"hgroup\">\n       <h4 class=\"neutralize_links\">\n       Contato\n       <\/h4>\n       <p>Entre em contato<\/p> \n    <\/div>\n\n    \n\n    <div class=\"link centered\">\n        <a href=\"https:\/\/www.laboratoriokashima.com.br\/home\/contato\/\"  target=\"\" class=\"btn btn-xs btn-secondary\"><strong>Entrar<\/strong><\/a>\n    <\/div>\n\n  <\/div>\n\n<\/div>\n\n<!-- END======================= TEASER BOX ==========================-->[\/vc_column][\/vc_row][vc_row full_width=&#8221;0&#8243; full_height=&#8221;0&#8243; row_padding=&#8221;no_top_padding&#8221; sep_bottom=&#8221;separator_bottom sep_angled_positive_bottom&#8221; particles=&#8221;0&#8243; css=&#8221;.vc_custom_1738084736345{margin-bottom: 5px !important;border-bottom-width: 5px !important;padding-bottom: 5px !important;}&#8221;][vc_column]<div class=\"section_header subtitle_bottom   fancy text-left\">\n\n    <h3>BEM-VINDO AO LABORAT\u00d3RIO KASHIMA!<\/h3>\n\n\n        <p >H\u00e1 mais de 37 anos cuidando da sua sa\u00fade<\/p>\n<\/div>[\/vc_column][vc_column width=&#8221;2\/3&#8243; heading_align=&#8221;text-center&#8221; align=&#8221;text-left&#8221; margin=&#8221;margin_bottom_grid&#8221;][vc_column_text]<span style=\"vertical-align: inherit;\"><span style=\"vertical-align: inherit;\">O<strong> Laborat\u00f3rio Kashima<\/strong> \u00e9 refer\u00eancia em an\u00e1lises cl\u00ednicas, com mais de 37 anos de tradi\u00e7\u00e3o, comprometido com a constante evolu\u00e7\u00e3o tecnol\u00f3gica, estrutural e com a excel\u00eancia no atendimento. <\/span><\/span><\/p>\n<p><span style=\"vertical-align: inherit;\"><span style=\"vertical-align: inherit;\">Nosso foco \u00e9 oferecer servi\u00e7os de alta qualidade, pautados na \u00e9tica e no desenvolvimento cont\u00ednuo de nossa equipe.<\/span><\/span>[\/vc_column_text][vc_text_separator title=&#8221;APRIMORAMENTO CONT\u00cdNUO&#8221; title_align=&#8221;separator_align_left&#8221; align=&#8221;align_right&#8221; color=&#8221;black&#8221;][vc_column_text]<span style=\"vertical-align: inherit;\"><span style=\"vertical-align: inherit;\">Diariamente, trabalhamos para conquistar e manter a confian\u00e7a de nossos clientes, investindo no aprimoramento de nossos processos e servi\u00e7os. <\/span><\/span><\/p>\n<p><span style=\"vertical-align: inherit;\"><span style=\"vertical-align: inherit;\">Somos participantes do Programa Nacional de Controle de Qualidade da Sociedade Brasileira de An\u00e1lises Cl\u00ednicas, garantindo confiabilidade e precis\u00e3o em cada resultado.<\/span><\/span>[\/vc_column_text][\/vc_column][vc_column width=&#8221;1\/3&#8243; align=&#8221;text-left&#8221;]<!-- ========================== TEASER BOX ==========================-->\n<div class=\"teaser_box wpb_content_element text-center image_hover skincolored_section    with_button    \">\n\n  <div class=\"figure \">\n\n\n      <a href=\"https:\/\/www.laboratoriokashima.com.br\/home\/olaboratorio\/\" debug title=\"\" target=\"\"> \n\n        \n         <div class=\"figure  stretchy_wrapper ratio_16-9\" style=\"background-image:url('https:\/\/www.laboratoriokashima.com.br\/home\/wp-content\/uploads\/2025\/01\/labkashima2.jpg')\"><\/div> \n        \n          \n\n        \n\n    <\/a>\n\n  <\/div>\n\n\n\n  <div class=\"content text-center boxed  with_button \">\n    \n    <div class=\"hgroup\">\n       <h4 class=\"neutralize_links\">\n       Laborat\u00f3rio Kashima\n       <\/h4>\n       <p>Conhe\u00e7a o Laborat\u00f3rio<\/p> \n    <\/div>\n\n    \n\n    <div class=\"link centered\">\n        <a href=\"https:\/\/www.laboratoriokashima.com.br\/home\/olaboratorio\/\"  target=\"\" class=\"btn btn-xs btn-secondary\"><strong>Entrar<\/strong><\/a>\n    <\/div>\n\n  <\/div>\n\n<\/div>\n\n<!-- END======================= TEASER BOX ==========================-->[\/vc_column][\/vc_row]<\/p>\n<\/section>","protected":false},"excerpt":{"rendered":"<p>[vc_row full_width=&#8221;0&#8243; full_height=&#8221;0&#8243; row_padding=&#8221;no_padding&#8221; cols_padding=&#8221;no_cols_padding&#8221; elevate=&#8221;elevate&#8221; background=&#8221;transparent&#8221; el_class=&#8221;folded_section&#8221;][vc_column width=&#8221;1\/4&#8243; color_set=&#8221;skincolored_section&#8221; background=&#8221;transparent&#8221; offset=&#8221;vc_col-xs-6&#8243; css=&#8221;.vc_custom_1738193369772{background-color: #2c4167 !important;}&#8221;][\/vc_column][vc_column width=&#8221;1\/4&#8243; color_set=&#8221;skincolored_section&#8221; background=&#8221;transparent&#8221; offset=&#8221;vc_col-xs-6&#8243; css=&#8221;.vc_custom_1738193378831{background-color: #314a78 !important;}&#8221;][\/vc_column][vc_column width=&#8221;1\/4&#8243; color_set=&#8221;skincolored_section&#8221; offset=&#8221;vc_col-xs-6&#8243; css=&#8221;.vc_custom_1738193130680{background-color: #365080 !important;}&#8221;][\/vc_column][vc_column width=&#8221;1\/4&#8243; color_set=&#8221;skincolored_section&#8221; background=&#8221;transparent&#8221; offset=&#8221;vc_col-xs-6&#8243; css=&#8221;.vc_custom_1738193147060{background-color: #3A568A !important;}&#8221;][\/vc_column][\/vc_row][vc_row full_width=&#8221;0&#8243; full_height=&#8221;0&#8243; row_padding=&#8221;no_top_padding&#8221; sep_bottom=&#8221;separator_bottom sep_angled_positive_bottom&#8221; particles=&#8221;0&#8243; css=&#8221;.vc_custom_1738084736345{margin-bottom: 5px !important;border-bottom-width: 5px !important;padding-bottom: 5px !important;}&#8221;][vc_column][\/vc_column][vc_column width=&#8221;2\/3&#8243; heading_align=&#8221;text-center&#8221; align=&#8221;text-left&#8221; margin=&#8221;margin_bottom_grid&#8221;][vc_column_text]O Laborat\u00f3rio Kashima \u00e9 [&hellip;]<\/p>\n","protected":false},"author":1,"featured_media":0,"parent":0,"menu_order":0,"comment_status":"closed","ping_status":"closed","template":"","meta":{"_siteseo_robots_primary_cat":"","pagelayer_contact_templates":[],"_pagelayer_content":"","footnotes":""},"class_list":["post-145","page","type-page","status-publish","hentry"],"_links":{"self":[{"href":"https:\/\/www.laboratoriokashima.com.br\/home\/wp-json\/wp\/v2\/pages\/145","targetHints":{"allow":["GET"]}}],"collection":[{"href":"https:\/\/www.laboratoriokashima.com.br\/home\/wp-json\/wp\/v2\/pages"}],"about":[{"href":"https:\/\/www.laboratoriokashima.com.br\/home\/wp-json\/wp\/v2\/types\/page"}],"author":[{"embeddable":true,"href":"https:\/\/www.laboratoriokashima.com.br\/home\/wp-json\/wp\/v2\/users\/1"}],"replies":[{"embeddable":true,"href":"https:\/\/www.laboratoriokashima.com.br\/home\/wp-json\/wp\/v2\/comments?post=145"}],"version-history":[{"count":40,"href":"https:\/\/www.laboratoriokashima.com.br\/home\/wp-json\/wp\/v2\/pages\/145\/revisions"}],"predecessor-version":[{"id":2387,"href":"https:\/\/www.laboratoriokashima.com.br\/home\/wp-json\/wp\/v2\/pages\/145\/revisions\/2387"}],"wp:attachment":[{"href":"https:\/\/www.laboratoriokashima.com.br\/home\/wp-json\/wp\/v2\/media?parent=145"}],"curies":[{"name":"wp","href":"https:\/\/api.w.org\/{rel}","templated":true}]}}