{"id":207,"date":"2015-09-28T20:11:43","date_gmt":"2015-09-28T20:11:43","guid":{"rendered":"http:\/\/plethorathemes.com\/healthx\/?page_id=207"},"modified":"2025-01-29T23:45:04","modified_gmt":"2025-01-29T23:45:04","slug":"perguntasf","status":"publish","type":"page","link":"https:\/\/www.laboratoriokashima.com.br\/home\/perguntasf\/","title":{"rendered":"Perguntas frequentes"},"content":{"rendered":"<section class=\"wpb-content-wrapper\"><p>[vc_row full_width=&#8221;0&#8243; full_height=&#8221;0&#8243; particles=&#8221;0&#8243;][vc_column][vc_tta_accordion shape=&#8221;square&#8221; color=&#8221;white&#8221; spacing=&#8221;10&#8243; c_icon=&#8221;chevron&#8221; active_section=&#8221;100&#8243; collapsible_all=&#8221;true&#8221;][vc_tta_section title=&#8221;Jejum&#8221; tab_id=&#8221;Jejum&#8221;][vc_row_inner][vc_column_inner][vc_empty_space][\/vc_column_inner][vc_column_inner][vc_column_text]<strong>01) \u00c1gua quebra o jejum?<\/strong><br \/>\nN\u00e3o. Mas conv\u00e9m tom\u00e1-la com modera\u00e7\u00e3o. Para a coleta de sangue o paciente s\u00f3 poder\u00e1 ingerir uma pequena quantidade de \u00e1gua, somente o suficiente para \u2018matar\u2019 a sede. Beber muita \u00e1gua pode causar falsa diminui\u00e7\u00e3o dos resultados.<\/p>\n<p>&nbsp;<\/p>\n<p><strong>02) Para certos exames, alguns m\u00e9dicos dispensam jejum e pelas instru\u00e7\u00f5es do laborat\u00f3rio \u00e9 necess\u00e1rio. Qual orienta\u00e7\u00e3o seguir? E por que esta diferen\u00e7a de informa\u00e7\u00e3o?<\/strong><br \/>\nA boa pr\u00e1tica laboratorial recomenda que, para a maioria dos exames de sangue, a coleta seja realizada ap\u00f3s um per\u00edodo m\u00ednimo de quatro horas de jejum, para o indiv\u00edduo adulto. Crian\u00e7as e rec\u00e9m-nascidos devem ter este prazo reduzido ou at\u00e9 mesmo abolido, dependendo de cada situa\u00e7\u00e3o cl\u00ednica. Para cada exame, por\u00e9m, pode haver necessidade de orienta\u00e7\u00e3o espec\u00edfica, pois a concentra\u00e7\u00e3o das subst\u00e2ncias absorvidas, como a glicose, por exemplo, varia de acordo com o tempo ap\u00f3s a ingest\u00e3o do alimento. Em contrapartida, um tempo de jejum muito prolongado tamb\u00e9m causa varia\u00e7\u00f5es. Cada paciente, cada exame e cada situa\u00e7\u00e3o devem ter suas particularidades analisadas de forma a se obter o maior grau de confiabilidade dos resultados.<br \/>\nEm situa\u00e7\u00f5es de urg\u00eancia o jejum pode ser ignorado, mas o m\u00e9dico levar\u00e1 em conta este fato quando interpretar os exames. Em caso de d\u00favidas, consulte sempre o seu m\u00e9dico.<\/p>\n<p>&nbsp;<\/p>\n<p><strong>03) Exames que pedem jejum t\u00eam de ser feitos sempre de manh\u00e3?<\/strong><br \/>\nNem todos. Desde que se obede\u00e7a ao tempo estipulado de jejum, alguns exames podem ser colhidos inclusive \u00e0 tarde, sem problemas. O exame de glicose n\u00e3o poder\u00e1 ser feito se o paciente realizou alguma atividade f\u00edsica, ou se estiver acordado e sem se alimentar h\u00e1 muito tempo.<\/p>\n<p>&nbsp;<\/p>\n<p><strong>04) Exame de sangue tem que ser sempre em jejum?<\/strong><br \/>\nNem todos. O hemograma, por exemplo, dispensa o jejum. O exame de glicose de jejum exige jejum m\u00ednimo de 10 e m\u00e1ximo de 14 horas. Ocasionalmente, seu m\u00e9dico pode solicitar uma dosagem de glicose sem jejum, de acordo com sua avalia\u00e7\u00e3o cl\u00ednica. J\u00e1 o exame de triglic\u00e9rides e as fra\u00e7\u00f5es do colesterol exigem que voc\u00ea fique no m\u00ednimo 12 horas sem comer. Portanto, o tempo de jejum varia de acordo com o exame que ser\u00e1 realizado.<\/p>\n<p>&nbsp;<\/p>\n<p><strong>05) Qualquer exame pode ser feito \u00e0 tarde?<\/strong><br \/>\nAlguns, n\u00e3o. \u00c9 o caso das dosagens de cortisol basal e ACTH (horm\u00f4nio adrenocorticotr\u00f3fico). Esses exames devem ser realizados obrigatoriamente na parte da manh\u00e3. Motivo: \u00e9 nessa parte do dia que tais subst\u00e2ncias t\u00eam um pico no organismo.[\/vc_column_text][vc_empty_space height=&#8221;16px&#8221;][\/vc_column_inner][vc_column_inner][vc_empty_space][\/vc_column_inner][\/vc_row_inner][\/vc_tta_section][vc_tta_section title=&#8221;Menstrua\u00e7\u00e3o&#8221; tab_id=&#8221;Menstruacao&#8221;][vc_row_inner][vc_column_inner][vc_empty_space][\/vc_column_inner][vc_column_inner][vc_column_text]<strong>01) Menstrua\u00e7\u00e3o interfere nos exames?<\/strong><br \/>\nSim. Por exemplo, no de urina. Por isso o ideal \u00e9 faz\u00ea-lo fora do per\u00edodo menstrual. Mas, se for urgente, a urina pode ser colhida, adotando-se dois cuidados: fazer higiene antes da coleta e coletar a amostra utilizando tamp\u00e3o vaginal, para que o sangue menstrual n\u00e3o se misture \u00e0 urina. Para exames cujo material \u00e9 sangue n\u00e3o h\u00e1 interfer\u00eancia.<\/p>\n<p>&nbsp;<\/p>\n<p><strong>02) Posso fazer exame de gravidez (beta-HCG) sem atraso menstrual?<\/strong><br \/>\nO beta-HCG (gonadotrofina cori\u00f4nica humana fra\u00e7\u00e3o beta) \u00e9 um horm\u00f4nio glicoprot\u00e9ico secretado pela placenta 7 a 10 dias ap\u00f3s a fertiliza\u00e7\u00e3o, e pode levar um tempo vari\u00e1vel de pessoa para pessoa, para que tenhamos n\u00edveis m\u00ednimos deste horm\u00f4nio, detect\u00e1veis no soro ou na urina. Realizar o exame sem atraso menstrual (m\u00ednimo desej\u00e1vel de dois dias) pode n\u00e3o detectar uma gravidez de poucas semanas, e o resultado ser\u00e1 falso negativo ou termos n\u00edveis de indetermina\u00e7\u00e3o que dever\u00e3o ser confirmados em coleta posterior.[\/vc_column_text][vc_empty_space height=&#8221;16px&#8221;][\/vc_column_inner][vc_column_inner][vc_empty_space][\/vc_column_inner][\/vc_row_inner][\/vc_tta_section][vc_tta_section title=&#8221;Bebida alco\u00f3lica e cigarro&#8221; tab_id=&#8221;1448268456536-722ece38-0b79&#8243;][vc_row_inner][vc_column_inner][vc_empty_space][\/vc_column_inner][vc_column_inner][vc_column_text]<strong>01) Por que n\u00e3o se deve ingerir grande quantidade de bebida alco\u00f3lica para realizar exame de sangue oculto nas fezes?<\/strong><\/p>\n<p>A pesquisa de sangue oculto nas fezes \u00e9 utilizada para auxiliar o diagn\u00f3stico de doen\u00e7as do intestino (especialmente do c\u00f3lon), em que exista sangramento n\u00e3o vis\u00edvel. Como o \u00e1lcool \u00e9 um irritante g\u00e1strico, podendo causar sangramento do est\u00f4mago por irrita\u00e7\u00e3o, a ingest\u00e3o de \u00e1lcool em grande quantidade \u00e9 desaconselhada para quem vai fazer este tipo de teste.<\/p>\n<p><strong>02) Posso fumar antes da coleta de sangue?<\/strong><\/p>\n<p>Alguns exames como curva glic\u00eamica ou exames que necessitam colocar cateter, como cortisol, sofrem grande interfer\u00eancia da nicotina. O ideal \u00e9 n\u00e3o fumar por uma hora antes e durante a coleta.<br \/>\n<strong><br \/>\n03) Bebida alco\u00f3lica pode alterar resultados de exames?<\/strong><\/p>\n<p>Sim, especialmente o de triglic\u00e9rides, fra\u00e7\u00f5es do colesterol e \u00e1cido \u00farico. Uma dose de u\u00edsque, uma cerveja ou um copo de vinho, na v\u00e9spera, \u00e9 suficiente para elevar os seus n\u00edveis, falseando os resultados. Por isso, o ideal \u00e9 ficar tr\u00eas dias antes do exame sem ingerir bebida alco\u00f3lica. O \u00e1lcool tamb\u00e9m altera, ainda que discretamente, o resultado de colesterol total.<br \/>\n<strong><br \/>\n04) Como tem que ser a alimenta\u00e7\u00e3o para os resultados de triglic\u00e9rides serem confi\u00e1veis?<\/strong><\/p>\n<p>Voc\u00ea deve manter a sua dieta habitual nos 3 dias que antecedem os exames. A bebida alco\u00f3lica deve ser evitada por 48 horas antes da coleta. \u00c9 fundamental jejum de 12 a 14 horas para a coleta do sangue.[\/vc_column_text][vc_empty_space height=&#8221;16px&#8221;][\/vc_column_inner][vc_column_inner][vc_empty_space][\/vc_column_inner][\/vc_row_inner][\/vc_tta_section][vc_tta_section title=&#8221;Atividade f\u00edsica&#8221; tab_id=&#8221;1448268485319-20bb3d67-9543&#8243;][vc_row_inner][vc_column_inner][vc_empty_space][\/vc_column_inner][vc_column_inner][vc_column_text]<strong>01) Por que o esfor\u00e7o f\u00edsico interfere no exame de glicemia?<\/strong><\/p>\n<p>A glicemia reflete a quantidade de a\u00e7\u00facar no sangue que, por sua vez, \u00e9 uma fonte de energia de r\u00e1pido aproveitamento pelo organismo. Dessa forma, sempre que o organismo precisar de mais energia, por exemplo, em esfor\u00e7o f\u00edsico e stress, h\u00e1 altera\u00e7\u00f5es importantes nas velocidades de produ\u00e7\u00e3o e consumo de a\u00e7\u00facar. Na maioria das vezes em que se fazem exames de dosagem de glicemia, queremos saber como est\u00e1 o n\u00edvel basal, pois o valor de refer\u00eancia diz respeito a esta situa\u00e7\u00e3o. Portanto, a pessoa deve estar o mais pr\u00f3ximo poss\u00edvel desta condi\u00e7\u00e3o.<br \/>\n<strong><br \/>\n02) Exames que pedem jejum t\u00eam de ser feitos sempre de manh\u00e3?<\/strong><\/p>\n<p>Nem todos. Desde que se obede\u00e7a ao tempo estipulado de jejum, alguns exames podem ser colhidos inclusive \u00e0 tarde, sem problemas. O exame de glicose n\u00e3o poder\u00e1 ser feito se o paciente realizou alguma atividade f\u00edsica, ou se estiver acordado e sem se alimentar h\u00e1 muito tempo.[\/vc_column_text][vc_empty_space height=&#8221;16px&#8221;][\/vc_column_inner][vc_column_inner][vc_empty_space][\/vc_column_inner][\/vc_row_inner][\/vc_tta_section][vc_tta_section title=&#8221;Urina&#8221; tab_id=&#8221;1448268507802-ddaf51d1-8acb&#8221;][vc_row_inner][vc_column_inner][vc_empty_space][\/vc_column_inner][vc_column_inner][vc_column_text]<strong>01) Menstrua\u00e7\u00e3o interfere nos exames?<\/strong><\/p>\n<p>Sim. Por exemplo, no de urina. Por isso o ideal \u00e9 faz\u00ea-lo fora do per\u00edodo menstrual. Mas, se for urgente, a urina pode ser colhida, adotando-se dois cuidados: fazer higiene antes da coleta e coletar a amostra utilizando tamp\u00e3o vaginal, para que o sangue menstrual n\u00e3o se misture \u00e0 urina.<br \/>\n<strong><br \/>\n02) Cremes e \u00f3vulos vaginais interferem no exame de urina?<\/strong><\/p>\n<p>N\u00e3o, desde que se adote dois cuidados para n\u00e3o misturar esses medicamentos \u00e0 urina: assepsia na hora do exame e uso de tamp\u00e3o vaginal.<br \/>\n<strong><br \/>\n03) Urina s\u00f3 pode ser colhida no laborat\u00f3rio?<\/strong><\/p>\n<p>Depende do tipo de exame. Para cultura, o ideal \u00e9 que a urina seja colhida no laborat\u00f3rio. J\u00e1 a urina tipo I, que \u00e9 mais comum, pode ser colhida em casa e enviada ao laborat\u00f3rio, refrigerada, em at\u00e9 30 minutos. Solicite \u00e0 recepcionista ou \u00e0 atendente do telemarketing as instru\u00e7\u00f5es de coleta.<\/p>\n<p><strong>04) No caso de exame de urina, tem que ser a \u201cprimeira da manh\u00e3\u201d?<\/strong><\/p>\n<p>Somente se o seu m\u00e9dico solicitar. Se isso n\u00e3o acontecer, a urina poder\u00e1 ser colhida em qualquer hor\u00e1rio do dia, mas com um cuidado antes do exame: de prefer\u00eancia, permanecer 4 horas sem urinar. Dar\u00e1 o volume ideal para uma boa coleta. O ideal \u00e9 que seja colhida em frasco apropriado, seco e est\u00e9ril, fornecido pelo laborat\u00f3rio ou adquirido em farm\u00e1cia.<\/p>\n<p><strong>05) Por que devemos desprezar o primeiro jato de urina quando vamos fazer o exame?<\/strong><\/p>\n<p>O primeiro jato de urina traz c\u00e9lulas e secre\u00e7\u00e3o, que podem estar presentes na uretra, principalmente se existir um processo inflamat\u00f3rio chamado uretrite. Quando se est\u00e1 preocupado com uma poss\u00edvel infec\u00e7\u00e3o urin\u00e1ria, \u00e9 importante que o material examinado n\u00e3o seja \u201ccontaminado\u201d com o que estiver na uretra. Da\u00ed a necessidade de se desprezar o primeiro jato e coletar o jato m\u00e9dio, ou seja, uma urina que representa bem o material que est\u00e1 na bexiga.<\/p>\n<p><strong>06) Devo ingerir mais ou menos l\u00edquidos para realizar a coleta da urina de 24 horas?<\/strong><\/p>\n<p>Os exames na urina de 24 horas, geralmente, servem para avalia\u00e7\u00e3o da fun\u00e7\u00e3o renal, portanto, o paciente dever\u00e1 manter a ingesta de l\u00edquidos normal do seu dia a dia, nem mais nem menos.[\/vc_column_text][vc_empty_space height=&#8221;16px&#8221;][\/vc_column_inner][vc_column_inner][vc_empty_space][\/vc_column_inner][\/vc_row_inner][\/vc_tta_section][vc_tta_section title=&#8221;Medicamentos&#8221; tab_id=&#8221;1448268511116-8714a91a-ea55&#8243;][vc_row_inner][vc_column_inner][vc_empty_space][\/vc_column_inner][vc_column_inner][vc_column_text]<strong>01) Cremes e \u00f3vulos vaginais interferem no exame de urina?<\/strong><\/p>\n<p>Os exames na urina de 24 horas, geralmente, servem para avalia\u00e7\u00e3o da fun\u00e7\u00e3o renal, portanto, o paciente dever\u00e1 manter a ingesta de l\u00edquidos normal do seu dia a dia, nem mais nem menos.<br \/>\n<strong><br \/>\n02) Posso ingerir medicamentos antes da coleta de sangue?<\/strong><\/p>\n<p>Os medicamentos de uso di\u00e1rio, podem ser ingeridos. Para uso de outros medicamentos consulte o seu m\u00e9dico.[\/vc_column_text][vc_empty_space height=&#8221;16px&#8221;][\/vc_column_inner][vc_column_inner][vc_empty_space][\/vc_column_inner][\/vc_row_inner][\/vc_tta_section][vc_tta_section title=&#8221;Pr\u00f3stata (PSA)&#8221; tab_id=&#8221;1448268512473-e695d66f-bd21&#8243;][vc_row_inner][vc_column_inner][vc_empty_space][\/vc_column_inner][vc_column_inner][vc_column_text]<strong>01) Interferentes do exame de PSA (ant\u00edgeno prost\u00e1tico espec\u00edfico)?<\/strong><\/p>\n<p>Algumas condi\u00e7\u00f5es podem elevar transitoriamente o PSA total e portanto devem ser consideradas:<\/p>\n<table border=\"0\" cellspacing=\"1\" cellpadding=\"0\">\n<tbody>\n<tr>\n<td width=\"178\">\n<p align=\"center\"><strong>Condi\u00e7\u00e3o<\/strong><\/p>\n<\/td>\n<td width=\"194\">\n<p align=\"center\"><strong>Efeito sobre o valor basal<\/strong><\/p>\n<\/td>\n<td width=\"175\">\n<p align=\"center\"><strong>Tempo para retornar<\/strong><br \/>\n<strong>ao n\u00edvel basa<\/strong><\/p>\n<\/td>\n<\/tr>\n<tr>\n<td>Ejacula\u00e7\u00e3o<\/td>\n<td>\n<p align=\"center\">At\u00e9 duas vezes<\/p>\n<\/td>\n<td>\n<p align=\"center\">At\u00e9 48 horas<\/p>\n<\/td>\n<\/tr>\n<tr>\n<td>Reten\u00e7\u00e3o urin\u00e1ria<\/td>\n<td>\n<p align=\"center\">De 5 a 7 vezes<\/p>\n<\/td>\n<td>\n<p align=\"center\">6 semanas<\/p>\n<\/td>\n<\/tr>\n<tr>\n<td>Prostatite bacteriana aguda<\/td>\n<td>\n<p align=\"center\">De 5 a 7 vezes<\/p>\n<\/td>\n<td>\n<p align=\"center\"><span style=\"vertical-align: inherit;\"><span style=\"vertical-align: inherit;\"><span style=\"vertical-align: inherit;\"><span style=\"vertical-align: inherit;\">6 semanas<\/span><\/span><\/span><\/span><\/p>\n<\/td>\n<\/tr>\n<tr>\n<td>Ciclismo e equita\u00e7\u00e3o<\/td>\n<td>\n<p align=\"center\">At\u00e9 2 ou 3 vezes<\/p>\n<\/td>\n<td>\n<p align=\"center\">2 semanas<\/p>\n<\/td>\n<\/tr>\n<tr>\n<td>Toque retal<\/td>\n<td>\n<p align=\"center\">Aproximadamente 2 vezes<\/p>\n<\/td>\n<td>\n<p align=\"center\">At\u00e9 48 horas<\/p>\n<\/td>\n<\/tr>\n<tr>\n<td>Massagem prost\u00e1tica<\/td>\n<td>\n<p align=\"center\">De 3 a 5 vezes<\/p>\n<\/td>\n<td>\n<p align=\"center\"><span style=\"vertical-align: inherit;\"><span style=\"vertical-align: inherit;\"><span style=\"vertical-align: inherit;\"><span style=\"vertical-align: inherit;\">6 semanas<\/span><\/span><\/span><\/span><\/p>\n<\/td>\n<\/tr>\n<tr>\n<td>Bi\u00f3psia prost\u00e1tica transretal<\/td>\n<td>\n<p align=\"center\">At\u00e9 10 vezes<\/p>\n<\/td>\n<td>\n<p align=\"center\"><span style=\"vertical-align: inherit;\"><span style=\"vertical-align: inherit;\"><span style=\"vertical-align: inherit;\"><span style=\"vertical-align: inherit;\">6 semanas<\/span><\/span><\/span><\/span><\/p>\n<\/td>\n<\/tr>\n<tr>\n<td>Ressec\u00e7\u00e3o transuretral<\/td>\n<td>\n<p align=\"center\"><span style=\"vertical-align: inherit;\"><span style=\"vertical-align: inherit;\"><span style=\"vertical-align: inherit;\"><span style=\"vertical-align: inherit;\">At\u00e9 10 vezes<\/span><\/span><\/span><\/span><\/p>\n<\/td>\n<td>\n<p align=\"center\"><span style=\"vertical-align: inherit;\"><span style=\"vertical-align: inherit;\"><span style=\"vertical-align: inherit;\"><span style=\"vertical-align: inherit;\">6 semanas<\/span><\/span><\/span><\/span><\/p>\n<\/td>\n<\/tr>\n<tr>\n<td>Prostatite assintom\u00e1tica<br \/>\nou infec\u00e7\u00e3o urin\u00e1ria<\/td>\n<td>\n<p align=\"center\"><span style=\"vertical-align: inherit;\"><span style=\"vertical-align: inherit;\"><span style=\"vertical-align: inherit;\"><span style=\"vertical-align: inherit;\">De 3 a 5 vezes<\/span><\/span><\/span><\/span><\/p>\n<\/td>\n<td>\n<p align=\"center\"><span style=\"vertical-align: inherit;\"><span style=\"vertical-align: inherit;\"><span style=\"vertical-align: inherit;\"><span style=\"vertical-align: inherit;\">6 semanas<\/span><\/span><\/span><\/span><\/p>\n<\/td>\n<\/tr>\n<\/tbody>\n<\/table>\n<p><strong>Observa\u00e7\u00e3o:<\/strong>\u00a0\u00c9 considerado basal, o valor de PSA total, sem nenhuma causa de eleva\u00e7\u00e3o transit\u00f3ria.[\/vc_column_text][vc_empty_space height=&#8221;16px&#8221;][\/vc_column_inner][vc_column_inner][vc_empty_space][\/vc_column_inner][\/vc_row_inner][\/vc_tta_section][vc_tta_section title=&#8221;Gripe&#8221; tab_id=&#8221;1736357011740-833168f1-5a2a&#8221;][vc_row_inner][vc_column_inner][vc_empty_space][\/vc_column_inner][vc_column_inner][vc_column_text]<strong>01) Pode-se fazer exame de sangue com gripe, resfriado ou febre?<\/strong><\/p>\n<p>Claro. Alguns exames, ali\u00e1s, s\u00e3o solicitados exatamente porque a pessoa est\u00e1 com febre. A inten\u00e7\u00e3o \u00e9 verificar se alguma infec\u00e7\u00e3o \u00e9 a respons\u00e1vel. Por\u00e9m, em algumas circunst\u00e2ncias, a doen\u00e7a respons\u00e1vel pela febre pode interferir nos exames destinados a avaliar aspectos metab\u00f3licos e imunol\u00f3gicos. Por cautela, conseq\u00fcentemente, consulte o seu m\u00e9dico ou o laborat\u00f3rio antes de fazer os exames.[\/vc_column_text][vc_empty_space height=&#8221;16px&#8221;][\/vc_column_inner][vc_column_inner][vc_empty_space][\/vc_column_inner][\/vc_row_inner][\/vc_tta_section][\/vc_tta_accordion][vc_empty_space height=&#8221;10px&#8221;][\/vc_column][\/vc_row]<\/p>\n<\/section>","protected":false},"excerpt":{"rendered":"<p>[vc_row full_width=&#8221;0&#8243; full_height=&#8221;0&#8243; particles=&#8221;0&#8243;][vc_column][vc_tta_accordion shape=&#8221;square&#8221; color=&#8221;white&#8221; spacing=&#8221;10&#8243; c_icon=&#8221;chevron&#8221; active_section=&#8221;100&#8243; collapsible_all=&#8221;true&#8221;][vc_tta_section title=&#8221;Jejum&#8221; tab_id=&#8221;Jejum&#8221;][vc_row_inner][vc_column_inner][vc_empty_space][\/vc_column_inner][vc_column_inner][vc_column_text]01) \u00c1gua quebra o jejum? N\u00e3o. Mas conv\u00e9m tom\u00e1-la com modera\u00e7\u00e3o. Para a coleta de sangue o paciente s\u00f3 poder\u00e1 ingerir uma pequena quantidade de \u00e1gua, somente o suficiente para \u2018matar\u2019 a sede. Beber muita \u00e1gua pode causar falsa diminui\u00e7\u00e3o dos resultados. &nbsp; 02) [&hellip;]<\/p>\n","protected":false},"author":1,"featured_media":2386,"parent":0,"menu_order":0,"comment_status":"closed","ping_status":"closed","template":"","meta":{"_siteseo_robots_primary_cat":"","pagelayer_contact_templates":[],"_pagelayer_content":"","footnotes":""},"class_list":["post-207","page","type-page","status-publish","has-post-thumbnail","hentry"],"_links":{"self":[{"href":"https:\/\/www.laboratoriokashima.com.br\/home\/wp-json\/wp\/v2\/pages\/207","targetHints":{"allow":["GET"]}}],"collection":[{"href":"https:\/\/www.laboratoriokashima.com.br\/home\/wp-json\/wp\/v2\/pages"}],"about":[{"href":"https:\/\/www.laboratoriokashima.com.br\/home\/wp-json\/wp\/v2\/types\/page"}],"author":[{"embeddable":true,"href":"https:\/\/www.laboratoriokashima.com.br\/home\/wp-json\/wp\/v2\/users\/1"}],"replies":[{"embeddable":true,"href":"https:\/\/www.laboratoriokashima.com.br\/home\/wp-json\/wp\/v2\/comments?post=207"}],"version-history":[{"count":16,"href":"https:\/\/www.laboratoriokashima.com.br\/home\/wp-json\/wp\/v2\/pages\/207\/revisions"}],"predecessor-version":[{"id":2148,"href":"https:\/\/www.laboratoriokashima.com.br\/home\/wp-json\/wp\/v2\/pages\/207\/revisions\/2148"}],"wp:featuredmedia":[{"embeddable":true,"href":"https:\/\/www.laboratoriokashima.com.br\/home\/wp-json\/wp\/v2\/media\/2386"}],"wp:attachment":[{"href":"https:\/\/www.laboratoriokashima.com.br\/home\/wp-json\/wp\/v2\/media?parent=207"}],"curies":[{"name":"wp","href":"https:\/\/api.w.org\/{rel}","templated":true}]}}