{"id":2220,"date":"2025-01-28T00:10:07","date_gmt":"2025-01-28T00:10:07","guid":{"rendered":"https:\/\/www.laboratoriokashima.com.br\/home\/?page_id=2220"},"modified":"2025-01-28T16:00:16","modified_gmt":"2025-01-28T16:00:16","slug":"coletadomiciliar","status":"publish","type":"page","link":"https:\/\/www.laboratoriokashima.com.br\/home\/coletadomiciliar\/","title":{"rendered":"Coleta Domiciliar"},"content":{"rendered":"<section class=\"wpb-content-wrapper\"><p>[vc_row full_width=&#8221;0&#8243; full_height=&#8221;0&#8243; particles=&#8221;0&#8243; css=&#8221;.vc_custom_1737224320124{margin-bottom: 0px !important;border-bottom-width: 0px !important;padding-bottom: 0px !important;}&#8221;][vc_column width=&#8221;2\/3&#8243; css=&#8221;.vc_custom_1737224143326{margin-top: 0px !important;margin-bottom: 0px !important;border-top-width: 0px !important;border-bottom-width: 0px !important;padding-top: 0px !important;padding-bottom: 0px !important;}&#8221;][vc_column_text]<\/p>\n<h4><strong>Coleta Domiciliar<\/strong><\/h4>\n<p>&nbsp;<\/p>\n<p>Pensando no seu conforto e conveni\u00eancia, o Laborat\u00f3rio Kashima oferece a realiza\u00e7\u00e3o de exames de An\u00e1lises Cl\u00ednicas onde voc\u00ea estiver.<\/p>\n<p>Com o nosso Atendimento Domiciliar, voc\u00ea recebe o mesmo cuidado, tecnologia de ponta e qualidade que encontra em nossas unidades, no endere\u00e7o de sua prefer\u00eancia. Al\u00e9m disso, os resultados dos exames podem ser acessados facilmente pela Internet, com total seguran\u00e7a e praticidade.<\/p>\n<p><strong>Agende sua coleta: <\/strong><a href=\"https:\/\/api.whatsapp.com\/send\/?phone=552835531045\" target=\"_blank\" rel=\"noopener\">(28) 3553-1045 \u2013 WhatsApp<\/a><br \/>\nSegunda a sexta-feira, das 7h \u00e0s 18h.<\/p>\n<p>&nbsp;<\/p>\n<p>[\/vc_column_text][\/vc_column][vc_column width=&#8221;1\/3&#8243;][vc_single_image image=&#8221;2227&#8243; alignment=&#8221;center&#8221;][\/vc_column][\/vc_row]<\/p>\n<\/section>","protected":false},"excerpt":{"rendered":"<p>[vc_row full_width=&#8221;0&#8243; full_height=&#8221;0&#8243; particles=&#8221;0&#8243; css=&#8221;.vc_custom_1737224320124{margin-bottom: 0px !important;border-bottom-width: 0px !important;padding-bottom: 0px !important;}&#8221;][vc_column width=&#8221;2\/3&#8243; css=&#8221;.vc_custom_1737224143326{margin-top: 0px !important;margin-bottom: 0px !important;border-top-width: 0px !important;border-bottom-width: 0px !important;padding-top: 0px !important;padding-bottom: 0px !important;}&#8221;][vc_column_text] Coleta Domiciliar &nbsp; Pensando no seu conforto e conveni\u00eancia, o Laborat\u00f3rio Kashima oferece a realiza\u00e7\u00e3o de exames de An\u00e1lises Cl\u00ednicas onde voc\u00ea estiver. Com o nosso Atendimento Domiciliar, voc\u00ea recebe [&hellip;]<\/p>\n","protected":false},"author":1,"featured_media":2238,"parent":0,"menu_order":0,"comment_status":"closed","ping_status":"closed","template":"","meta":{"_siteseo_robots_primary_cat":"","pagelayer_contact_templates":[],"_pagelayer_content":"","footnotes":""},"class_list":["post-2220","page","type-page","status-publish","has-post-thumbnail","hentry"],"_links":{"self":[{"href":"https:\/\/www.laboratoriokashima.com.br\/home\/wp-json\/wp\/v2\/pages\/2220","targetHints":{"allow":["GET"]}}],"collection":[{"href":"https:\/\/www.laboratoriokashima.com.br\/home\/wp-json\/wp\/v2\/pages"}],"about":[{"href":"https:\/\/www.laboratoriokashima.com.br\/home\/wp-json\/wp\/v2\/types\/page"}],"author":[{"embeddable":true,"href":"https:\/\/www.laboratoriokashima.com.br\/home\/wp-json\/wp\/v2\/users\/1"}],"replies":[{"embeddable":true,"href":"https:\/\/www.laboratoriokashima.com.br\/home\/wp-json\/wp\/v2\/comments?post=2220"}],"version-history":[{"count":8,"href":"https:\/\/www.laboratoriokashima.com.br\/home\/wp-json\/wp\/v2\/pages\/2220\/revisions"}],"predecessor-version":[{"id":2299,"href":"https:\/\/www.laboratoriokashima.com.br\/home\/wp-json\/wp\/v2\/pages\/2220\/revisions\/2299"}],"wp:featuredmedia":[{"embeddable":true,"href":"https:\/\/www.laboratoriokashima.com.br\/home\/wp-json\/wp\/v2\/media\/2238"}],"wp:attachment":[{"href":"https:\/\/www.laboratoriokashima.com.br\/home\/wp-json\/wp\/v2\/media?parent=2220"}],"curies":[{"name":"wp","href":"https:\/\/api.w.org\/{rel}","templated":true}]}}