{"id":2229,"date":"2025-01-28T00:23:18","date_gmt":"2025-01-28T00:23:18","guid":{"rendered":"https:\/\/www.laboratoriokashima.com.br\/home\/?page_id=2229"},"modified":"2025-01-28T16:01:17","modified_gmt":"2025-01-28T16:01:17","slug":"coletaempresarial","status":"publish","type":"page","link":"https:\/\/www.laboratoriokashima.com.br\/home\/coletaempresarial\/","title":{"rendered":"Coleta Empresarial"},"content":{"rendered":"<section class=\"wpb-content-wrapper\"><p>[vc_row full_width=&#8221;0&#8243; full_height=&#8221;0&#8243; particles=&#8221;0&#8243; css=&#8221;.vc_custom_1737224320124{margin-bottom: 0px !important;border-bottom-width: 0px !important;padding-bottom: 0px !important;}&#8221;][vc_column width=&#8221;2\/3&#8243; css=&#8221;.vc_custom_1737224143326{margin-top: 0px !important;margin-bottom: 0px !important;border-top-width: 0px !important;border-bottom-width: 0px !important;padding-top: 0px !important;padding-bottom: 0px !important;}&#8221;][vc_column_text]<\/p>\n<h4><strong>Coleta Empresarial<\/strong><\/h4>\n<p>&nbsp;<\/p>\n<p>O Laborat\u00f3rio Kashima oferece o servi\u00e7o de Coleta Empresarial para garantir mais conforto, praticidade e efici\u00eancia para voc\u00ea e sua equipe. Com esse servi\u00e7o, realizamos exames diretamente na sua empresa, eliminando a necessidade de deslocamento dos colaboradores at\u00e9 uma unidade de atendimento.<\/p>\n<p>Nossa equipe especializada realiza a coleta de forma r\u00e1pida, segura e discreta, com a mesma qualidade, tecnologia e cordialidade que voc\u00ea j\u00e1 conhece. Essa solu\u00e7\u00e3o \u00e9 ideal para empresas que buscam otimizar tempo, cuidar da sa\u00fade dos funcion\u00e1rios e atender a demandas como exames admissionais, peri\u00f3dicos ou programas de qualidade de vida no trabalho.<\/p>\n<p>&nbsp;<\/p>\n<h4><strong>Vantagens da Coleta Empresarial:<\/strong><\/h4>\n<p>&nbsp;<\/p>\n<ul>\n<li>Redu\u00e7\u00e3o de custos e tempo com deslocamentos;<\/li>\n<li>Atendimento personalizado no local de trabalho;<\/li>\n<li>Resultados online, com total seguran\u00e7a e sigilo;<\/li>\n<li>Mais sa\u00fade e bem-estar para sua equipe.<\/li>\n<\/ul>\n<p>&nbsp;<\/p>\n<p><strong>Entre em contato agora e agende sua coleta empresarial!<\/strong><br \/>\nDispon\u00edvel de segunda a sexta-feira, das 7h \u00e0s 18h.<\/p>\n<p><a href=\"https:\/\/api.whatsapp.com\/send\/?phone=552835531045\" target=\"_blank\" rel=\"noopener\">(28) 3553-1045 \u2013 WhatsApp<\/a><\/p>\n<p>[\/vc_column_text][\/vc_column][vc_column width=&#8221;1\/3&#8243;][vc_single_image image=&#8221;2230&#8243; alignment=&#8221;center&#8221;][\/vc_column][\/vc_row]<\/p>\n<\/section>","protected":false},"excerpt":{"rendered":"<p>[vc_row full_width=&#8221;0&#8243; full_height=&#8221;0&#8243; particles=&#8221;0&#8243; css=&#8221;.vc_custom_1737224320124{margin-bottom: 0px !important;border-bottom-width: 0px !important;padding-bottom: 0px !important;}&#8221;][vc_column width=&#8221;2\/3&#8243; css=&#8221;.vc_custom_1737224143326{margin-top: 0px !important;margin-bottom: 0px !important;border-top-width: 0px !important;border-bottom-width: 0px !important;padding-top: 0px !important;padding-bottom: 0px !important;}&#8221;][vc_column_text] Coleta Empresarial &nbsp; O Laborat\u00f3rio Kashima oferece o servi\u00e7o de Coleta Empresarial para garantir mais conforto, praticidade e efici\u00eancia para voc\u00ea e sua equipe. Com esse servi\u00e7o, realizamos exames diretamente [&hellip;]<\/p>\n","protected":false},"author":1,"featured_media":2237,"parent":0,"menu_order":0,"comment_status":"closed","ping_status":"closed","template":"","meta":{"_siteseo_robots_primary_cat":"","pagelayer_contact_templates":[],"_pagelayer_content":"","footnotes":""},"class_list":["post-2229","page","type-page","status-publish","has-post-thumbnail","hentry"],"_links":{"self":[{"href":"https:\/\/www.laboratoriokashima.com.br\/home\/wp-json\/wp\/v2\/pages\/2229","targetHints":{"allow":["GET"]}}],"collection":[{"href":"https:\/\/www.laboratoriokashima.com.br\/home\/wp-json\/wp\/v2\/pages"}],"about":[{"href":"https:\/\/www.laboratoriokashima.com.br\/home\/wp-json\/wp\/v2\/types\/page"}],"author":[{"embeddable":true,"href":"https:\/\/www.laboratoriokashima.com.br\/home\/wp-json\/wp\/v2\/users\/1"}],"replies":[{"embeddable":true,"href":"https:\/\/www.laboratoriokashima.com.br\/home\/wp-json\/wp\/v2\/comments?post=2229"}],"version-history":[{"count":7,"href":"https:\/\/www.laboratoriokashima.com.br\/home\/wp-json\/wp\/v2\/pages\/2229\/revisions"}],"predecessor-version":[{"id":2300,"href":"https:\/\/www.laboratoriokashima.com.br\/home\/wp-json\/wp\/v2\/pages\/2229\/revisions\/2300"}],"wp:featuredmedia":[{"embeddable":true,"href":"https:\/\/www.laboratoriokashima.com.br\/home\/wp-json\/wp\/v2\/media\/2237"}],"wp:attachment":[{"href":"https:\/\/www.laboratoriokashima.com.br\/home\/wp-json\/wp\/v2\/media?parent=2229"}],"curies":[{"name":"wp","href":"https:\/\/api.w.org\/{rel}","templated":true}]}}