{"id":2242,"date":"2025-01-28T14:11:36","date_gmt":"2025-01-28T14:11:36","guid":{"rendered":"https:\/\/www.laboratoriokashima.com.br\/home\/?page_id=2242"},"modified":"2025-01-28T14:36:21","modified_gmt":"2025-01-28T14:36:21","slug":"convenios","status":"publish","type":"page","link":"https:\/\/www.laboratoriokashima.com.br\/home\/convenios\/","title":{"rendered":"Conv\u00eanios"},"content":{"rendered":"<section class=\"wpb-content-wrapper\"><p>[vc_row full_width=&#8221;0&#8243; full_height=&#8221;0&#8243; particles=&#8221;0&#8243; css=&#8221;.vc_custom_1737224320124{margin-bottom: 0px !important;border-bottom-width: 0px !important;padding-bottom: 0px !important;}&#8221;][vc_column width=&#8221;2\/3&#8243; css=&#8221;.vc_custom_1737224143326{margin-top: 0px !important;margin-bottom: 0px !important;border-top-width: 0px !important;border-bottom-width: 0px !important;padding-top: 0px !important;padding-bottom: 0px !important;}&#8221;][vc_column_text]<\/p>\n<div class=\"section-cotent\">\n<div class=\"container\">\n<div class=\"row\">\n<div class=\"col-md-12\">\n<div class=\"col-md-12\">\n<p class=\"titulo\">O <strong>Laborat\u00f3rio Kashima<\/strong> atende a modalidade particular, mas tamb\u00e9m apresenta uma ampla lista de conv\u00eanios, o que permite um atendimento ainda mais r\u00e1pido e eficaz.<\/p>\n<p>&nbsp;<\/p>\n<\/div>\n<\/div>\n<\/div>\n<\/div>\n<\/div>\n<div class=\"section-cotent\">\n<div class=\"container\">\n<div class=\"row\">\n<div class=\"col-md-12\">\n<div class=\"col-md-12\">\n<ul>\n<li>ASPMES<\/li>\n<li>BANCO DO BRASIL<\/li>\n<li>BANESCAIXA<\/li>\n<li>BRADESCO<\/li>\n<li>CAIXA E.F<\/li>\n<li>CASSI<\/li>\n<li>ECONOMIC SA\u00daDE CL\u00cdNICA<\/li>\n<li>GEAP<\/li>\n<li>IASMUD<\/li>\n<li>IPASM<\/li>\n<li>MASTERPLAN<\/li>\n<li>POSTAL SA\u00daDE<\/li>\n<li>SUS<\/li>\n<li>UNIMED<\/li>\n<li>E OUTROS\u2026<\/li>\n<\/ul>\n<\/div>\n<\/div>\n<p>&nbsp;<\/p>\n<\/div>\n<\/div>\n<\/div>\n<p>[\/vc_column_text][\/vc_column][vc_column width=&#8221;1\/3&#8243;][vc_single_image image=&#8221;2243&#8243; alignment=&#8221;center&#8221;][\/vc_column][\/vc_row]<\/p>\n<\/section>","protected":false},"excerpt":{"rendered":"<p>[vc_row full_width=&#8221;0&#8243; full_height=&#8221;0&#8243; particles=&#8221;0&#8243; css=&#8221;.vc_custom_1737224320124{margin-bottom: 0px !important;border-bottom-width: 0px !important;padding-bottom: 0px !important;}&#8221;][vc_column width=&#8221;2\/3&#8243; css=&#8221;.vc_custom_1737224143326{margin-top: 0px !important;margin-bottom: 0px !important;border-top-width: 0px !important;border-bottom-width: 0px !important;padding-top: 0px !important;padding-bottom: 0px !important;}&#8221;][vc_column_text] O Laborat\u00f3rio Kashima atende a modalidade particular, mas tamb\u00e9m apresenta uma ampla lista de conv\u00eanios, o que permite um atendimento ainda mais r\u00e1pido e eficaz. &nbsp; ASPMES BANCO DO BRASIL [&hellip;]<\/p>\n","protected":false},"author":1,"featured_media":2262,"parent":0,"menu_order":0,"comment_status":"closed","ping_status":"closed","template":"","meta":{"_siteseo_robots_primary_cat":"","pagelayer_contact_templates":[],"_pagelayer_content":"","footnotes":""},"class_list":["post-2242","page","type-page","status-publish","has-post-thumbnail","hentry"],"_links":{"self":[{"href":"https:\/\/www.laboratoriokashima.com.br\/home\/wp-json\/wp\/v2\/pages\/2242","targetHints":{"allow":["GET"]}}],"collection":[{"href":"https:\/\/www.laboratoriokashima.com.br\/home\/wp-json\/wp\/v2\/pages"}],"about":[{"href":"https:\/\/www.laboratoriokashima.com.br\/home\/wp-json\/wp\/v2\/types\/page"}],"author":[{"embeddable":true,"href":"https:\/\/www.laboratoriokashima.com.br\/home\/wp-json\/wp\/v2\/users\/1"}],"replies":[{"embeddable":true,"href":"https:\/\/www.laboratoriokashima.com.br\/home\/wp-json\/wp\/v2\/comments?post=2242"}],"version-history":[{"count":3,"href":"https:\/\/www.laboratoriokashima.com.br\/home\/wp-json\/wp\/v2\/pages\/2242\/revisions"}],"predecessor-version":[{"id":2247,"href":"https:\/\/www.laboratoriokashima.com.br\/home\/wp-json\/wp\/v2\/pages\/2242\/revisions\/2247"}],"wp:featuredmedia":[{"embeddable":true,"href":"https:\/\/www.laboratoriokashima.com.br\/home\/wp-json\/wp\/v2\/media\/2262"}],"wp:attachment":[{"href":"https:\/\/www.laboratoriokashima.com.br\/home\/wp-json\/wp\/v2\/media?parent=2242"}],"curies":[{"name":"wp","href":"https:\/\/api.w.org\/{rel}","templated":true}]}}