{"id":255,"date":"2015-09-29T11:36:16","date_gmt":"2015-09-29T11:36:16","guid":{"rendered":"http:\/\/plethorathemes.com\/healthx\/?page_id=255"},"modified":"2025-01-30T13:40:03","modified_gmt":"2025-01-30T13:40:03","slug":"contato","status":"publish","type":"page","link":"https:\/\/www.laboratoriokashima.com.br\/home\/contato\/","title":{"rendered":"Contato"},"content":{"rendered":"<section class=\"wpb-content-wrapper\"><p>[vc_row][vc_column][vc_tta_accordion][vc_tta_section title=&#8221;Matriz . Gua\u00e7u\u00ed &#8211; ES&#8221; tab_id=&#8221;1736274862731-8f98b7b8-cb3f&#8221;][vc_column_text]<\/p>\n<ul>\n<li><strong>Endere\u00e7o:<\/strong> Gua\u00e7u\u00ed ES \u2013 R. Aldomiro de Souza Lima, n\u00b0 76 \u2013 Bairro Quincas Machado, CEP 29560-000<\/li>\n<li><strong>Tel:<\/strong> <a href=\"https:\/\/api.whatsapp.com\/send\/?phone=552835531045\" target=\"_blank\" rel=\"noopener\">(28) 3553.1045 &#8211; whatsApp<\/a><\/li>\n<li><strong>Instagram:<\/strong> <a href=\"https:\/\/www.instagram.com\/laboratoriokashima\/\" target=\"_blank\" rel=\"noopener\">laboratoriokashima<\/a><\/li>\n<li><strong>E-mail:<\/strong> laboratoriokashima@gmail.com.br<\/li>\n<\/ul>\n<p>[\/vc_column_text][\/vc_tta_section][vc_tta_section title=&#8221;Unidade I . Gua\u00e7u\u00ed &#8211; ES&#8221; tab_id=&#8221;1736274862746-a14a36d5-4200&#8243;][vc_column_text]<\/p>\n<ul>\n<li>Endere\u00e7o: Gua\u00e7u\u00ed ES \u2013 Av. Marechal Floriano, n\u00b0 29 \u2013 Centro, CEP 29560-000<\/li>\n<\/ul>\n<p>[\/vc_column_text][\/vc_tta_section][vc_tta_section title=&#8221;Unidade II . S\u00e3o Jos\u00e9 do Cal\u00e7ado &#8211; ES&#8221; tab_id=&#8221;1736275587745-69d2f9cb-999c&#8221;][vc_column_text]<\/p>\n<ul>\n<li>Endere\u00e7o: S\u00e3o Jos\u00e9 do Cal\u00e7ado \u2013 ES, R. Domingos Martins n\u00ba 133, CEP 29470-000<\/li>\n<\/ul>\n<p>[\/vc_column_text][\/vc_tta_section][vc_tta_section title=&#8221;Unidade III . Bom Jesus do Norte &#8211; ES&#8221; tab_id=&#8221;1736275721509-d7d71b05-1ee7&#8243;][vc_column_text]<\/p>\n<ul>\n<li>Endere\u00e7o: Bom Jesus do Norte \u2013 ES, Av. Major Bley n\u00b04 \u2013 centro, CEP 29460-000<\/li>\n<\/ul>\n<p>[\/vc_column_text][\/vc_tta_section][vc_tta_section title=&#8221;Unidade IV . Ibitirama &#8211; ES&#8221; tab_id=&#8221;1736275781763-c1de3bbe-2737&#8243;][vc_column_text]<\/p>\n<ul>\n<li>Endere\u00e7o: Ibitirama \u2013 ES, Av. An\u00edsio Ferreira da Silva, n\u00b0 85 \u2013 centro,\u00a0 CEP 29540-000<\/li>\n<\/ul>\n<p>[\/vc_column_text][\/vc_tta_section][vc_tta_section title=&#8221;Unidade V . Divino de S\u00e3o Louren\u00e7o &#8211; ES&#8221; tab_id=&#8221;1736275785969-d966089c-d88f&#8221;][vc_column_text]<\/p>\n<ul>\n<li>Endere\u00e7o: Divino de S\u00e3o Louren\u00e7o \u2013 ES, R. Maria Gomes de Aguiar, S\/N \u2013 centro, CEP 29590-000<\/li>\n<\/ul>\n<p>[\/vc_column_text][\/vc_tta_section][vc_tta_section title=&#8221;Unidade VI . Jer\u00f4nimo Monteiro &#8211; ES&#8221; tab_id=&#8221;1736276072308-b8d6a429-7613&#8243;][vc_column_text]<\/p>\n<ul>\n<li>Endere\u00e7o: Jer\u00f4nimo Monteiro \u2013 ES, Av. Dr. Jos\u00e9 Farah, n\u00b0 128 \u2013 centro, CEP 29550-000<\/li>\n<\/ul>\n<p>[\/vc_column_text][\/vc_tta_section][\/vc_tta_accordion][\/vc_column][\/vc_row]<\/p>\n<\/section>","protected":false},"excerpt":{"rendered":"<p>[vc_row][vc_column][vc_tta_accordion][vc_tta_section title=&#8221;Matriz . Gua\u00e7u\u00ed &#8211; ES&#8221; tab_id=&#8221;1736274862731-8f98b7b8-cb3f&#8221;][vc_column_text] Endere\u00e7o: Gua\u00e7u\u00ed ES \u2013 R. Aldomiro de Souza Lima, n\u00b0 76 \u2013 Bairro Quincas Machado, CEP 29560-000 Tel: (28) 3553.1045 &#8211; whatsApp Instagram: laboratoriokashima E-mail: laboratoriokashima@gmail.com.br [\/vc_column_text][\/vc_tta_section][vc_tta_section title=&#8221;Unidade I . Gua\u00e7u\u00ed &#8211; ES&#8221; tab_id=&#8221;1736274862746-a14a36d5-4200&#8243;][vc_column_text] Endere\u00e7o: Gua\u00e7u\u00ed ES \u2013 Av. Marechal Floriano, n\u00b0 29 \u2013 Centro, CEP 29560-000 [\/vc_column_text][\/vc_tta_section][vc_tta_section [&hellip;]<\/p>\n","protected":false},"author":1,"featured_media":0,"parent":0,"menu_order":0,"comment_status":"closed","ping_status":"closed","template":"","meta":{"_siteseo_robots_primary_cat":"","pagelayer_contact_templates":[],"_pagelayer_content":"","footnotes":""},"class_list":["post-255","page","type-page","status-publish","hentry"],"_links":{"self":[{"href":"https:\/\/www.laboratoriokashima.com.br\/home\/wp-json\/wp\/v2\/pages\/255","targetHints":{"allow":["GET"]}}],"collection":[{"href":"https:\/\/www.laboratoriokashima.com.br\/home\/wp-json\/wp\/v2\/pages"}],"about":[{"href":"https:\/\/www.laboratoriokashima.com.br\/home\/wp-json\/wp\/v2\/types\/page"}],"author":[{"embeddable":true,"href":"https:\/\/www.laboratoriokashima.com.br\/home\/wp-json\/wp\/v2\/users\/1"}],"replies":[{"embeddable":true,"href":"https:\/\/www.laboratoriokashima.com.br\/home\/wp-json\/wp\/v2\/comments?post=255"}],"version-history":[{"count":18,"href":"https:\/\/www.laboratoriokashima.com.br\/home\/wp-json\/wp\/v2\/pages\/255\/revisions"}],"predecessor-version":[{"id":2388,"href":"https:\/\/www.laboratoriokashima.com.br\/home\/wp-json\/wp\/v2\/pages\/255\/revisions\/2388"}],"wp:attachment":[{"href":"https:\/\/www.laboratoriokashima.com.br\/home\/wp-json\/wp\/v2\/media?parent=255"}],"curies":[{"name":"wp","href":"https:\/\/api.w.org\/{rel}","templated":true}]}}